{"id":529,"date":"2022-07-19T17:49:31","date_gmt":"2022-07-19T15:49:31","guid":{"rendered":"https:\/\/www.leboncampingcar.com\/?page_id=529"},"modified":"2024-09-23T23:49:04","modified_gmt":"2024-09-23T21:49:04","slug":"a-propos","status":"publish","type":"page","link":"https:\/\/www.leboncampingcar.com\/index.php\/a-propos\/","title":{"rendered":"\u00c0 PROPOS"},"content":{"rendered":"<p>[et_pb_section fb_built=\u00a0\u00bb1&Prime; admin_label=\u00a0\u00bbHero\u00a0\u00bb _builder_version=\u00a0\u00bb4.17.4&Prime; use_background_color_gradient=\u00a0\u00bbon\u00a0\u00bb background_color_gradient_stops=\u00a0\u00bbrgba(0,0,0,0.5) 0%|rgba(0,0,0,0) 100%\u00a0\u00bb background_color_gradient_overlays_image=\u00a0\u00bbon\u00a0\u00bb background_color_gradient_start=\u00a0\u00bbrgba(0,0,0,0.5)\u00a0\u00bb background_color_gradient_end=\u00a0\u00bbrgba(0,0,0,0)\u00a0\u00bb background_image=\u00a0\u00bbhttps:\/\/www.leboncampingcar.com\/wp-content\/uploads\/2022\/07\/IMG_4828-scaled.jpg\u00a0\u00bb custom_margin=\u00a0\u00bb|||\u00a0\u00bb custom_padding=\u00a0\u00bb110px||123px|||\u00a0\u00bb bottom_divider_style=\u00a0\u00bbslant\u00a0\u00bb bottom_divider_color=\u00a0\u00bb#ffffff\u00a0\u00bb bottom_divider_flip=\u00a0\u00bbhorizontal\u00a0\u00bb animation_style=\u00a0\u00bbslide\u00a0\u00bb animation_direction=\u00a0\u00bbtop\u00a0\u00bb animation_intensity_slide=\u00a0\u00bb5%\u00a0\u00bb animation_starting_opacity=\u00a0\u00bb100%\u00a0\u00bb global_colors_info=\u00a0\u00bb{}\u00a0\u00bb][et_pb_row column_structure=\u00a0\u00bb3_4,1_4&Prime; _builder_version=\u00a0\u00bb4.16&Prime; background_size=\u00a0\u00bbinitial\u00a0\u00bb background_position=\u00a0\u00bbtop_left\u00a0\u00bb background_repeat=\u00a0\u00bbrepeat\u00a0\u00bb custom_padding=\u00a0\u00bb27px|0px|93px|0px||\u00a0\u00bb global_colors_info=\u00a0\u00bb{}\u00a0\u00bb][et_pb_column type=\u00a0\u00bb3_4&Prime; _builder_version=\u00a0\u00bb4.16&Prime; custom_padding=\u00a0\u00bb|||\u00a0\u00bb global_colors_info=\u00a0\u00bb{}\u00a0\u00bb custom_padding__hover=\u00a0\u00bb|||\u00a0\u00bb][et_pb_text admin_label=\u00a0\u00bbTitle\u00a0\u00bb _builder_version=\u00a0\u00bb4.16&Prime; text_font=\u00a0\u00bb||||||||\u00a0\u00bb header_font=\u00a0\u00bb|600|||||||\u00a0\u00bb header_font_size=\u00a0\u00bb80px\u00a0\u00bb header_line_height=\u00a0\u00bb1.2em\u00a0\u00bb background_layout=\u00a0\u00bbdark\u00a0\u00bb custom_margin=\u00a0\u00bb||3px|||\u00a0\u00bb custom_padding=\u00a0\u00bb||0px|||\u00a0\u00bb animation_style=\u00a0\u00bbzoom\u00a0\u00bb animation_direction=\u00a0\u00bbleft\u00a0\u00bb animation_intensity_zoom=\u00a0\u00bb10%\u00a0\u00bb header_font_size_tablet=\u00a0\u00bb\u00a0\u00bb header_font_size_phone=\u00a0\u00bb43px\u00a0\u00bb header_font_size_last_edited=\u00a0\u00bbon|phone\u00a0\u00bb global_colors_info=\u00a0\u00bb{}\u00a0\u00bb]<\/p>\n<h1>\u00c0 PROPOS\u00a0<\/h1>\n<p>&nbsp;<\/p>\n<p>[\/et_pb_text][et_pb_divider color=\u00a0\u00bbrgba(255,255,255,0.7)\u00a0\u00bb divider_weight=\u00a0\u00bb3px\u00a0\u00bb _builder_version=\u00a0\u00bb4.16&Prime; max_width=\u00a0\u00bb120px\u00a0\u00bb animation_style=\u00a0\u00bbzoom\u00a0\u00bb animation_direction=\u00a0\u00bbleft\u00a0\u00bb global_colors_info=\u00a0\u00bb{}\u00a0\u00bb][\/et_pb_divider][\/et_pb_column][et_pb_column type=\u00a0\u00bb1_4&Prime; _builder_version=\u00a0\u00bb4.16&Prime; custom_padding=\u00a0\u00bb|||\u00a0\u00bb global_colors_info=\u00a0\u00bb{}\u00a0\u00bb custom_padding__hover=\u00a0\u00bb|||\u00a0\u00bb][\/et_pb_column][\/et_pb_row][\/et_pb_section][et_pb_section fb_built=\u00a0\u00bb1&Prime; _builder_version=\u00a0\u00bb4.23.1&Prime; _module_preset=\u00a0\u00bbdefault\u00a0\u00bb global_colors_info=\u00a0\u00bb{}\u00a0\u00bb][\/et_pb_section][et_pb_section fb_built=\u00a0\u00bb1&Prime; _builder_version=\u00a0\u00bb4.17.4&Prime; _module_preset=\u00a0\u00bbdefault\u00a0\u00bb global_colors_info=\u00a0\u00bb{}\u00a0\u00bb][et_pb_row column_structure=\u00a0\u00bb1_2,1_2&Prime; _builder_version=\u00a0\u00bb4.17.4&Prime; _module_preset=\u00a0\u00bbdefault\u00a0\u00bb min_height=\u00a0\u00bb867.1px\u00a0\u00bb custom_margin=\u00a0\u00bb-19px|auto|1px|auto||\u00a0\u00bb custom_padding=\u00a0\u00bb||0px|||\u00a0\u00bb global_colors_info=\u00a0\u00bb{}\u00a0\u00bb][et_pb_column type=\u00a0\u00bb1_2&Prime; _builder_version=\u00a0\u00bb4.17.4&Prime; _module_preset=\u00a0\u00bbdefault\u00a0\u00bb global_colors_info=\u00a0\u00bb{}\u00a0\u00bb][et_pb_image src=\u00a0\u00bbhttps:\/\/www.leboncampingcar.com\/wp-content\/uploads\/2021\/07\/MG_8982-scaled.jpg\u00a0\u00bb title_text=\u00a0\u00bb_MG_8982&Prime; _builder_version=\u00a0\u00bb4.17.4&Prime; _module_preset=\u00a0\u00bbdefault\u00a0\u00bb min_height=\u00a0\u00bb278px\u00a0\u00bb global_colors_info=\u00a0\u00bb{}\u00a0\u00bb][\/et_pb_image][\/et_pb_column][et_pb_column type=\u00a0\u00bb1_2&Prime; _builder_version=\u00a0\u00bb4.17.4&Prime; _module_preset=\u00a0\u00bbdefault\u00a0\u00bb global_colors_info=\u00a0\u00bb{}\u00a0\u00bb][et_pb_text _builder_version=\u00a0\u00bb4.27.0&Prime; _module_preset=\u00a0\u00bbdefault\u00a0\u00bb text_text_color=\u00a0\u00bb#000000&Prime; text_font_size=\u00a0\u00bb18px\u00a0\u00bb text_orientation=\u00a0\u00bbjustified\u00a0\u00bb min_height=\u00a0\u00bb684px\u00a0\u00bb custom_margin=\u00a0\u00bb9px|||||\u00a0\u00bb custom_padding=\u00a0\u00bb||0px|||\u00a0\u00bb global_colors_info=\u00a0\u00bb{}\u00a0\u00bb]<\/p>\n<p><strong>Situ\u00e9e \u00e0 Teyran(34), LE BON CAMPING CAR est une agence sp\u00e9cialis\u00e9e dans la vente de camping cars et fourgons d&rsquo;occasions de particulier \u00e0 particulier. Ainsi, vous avez les avantages du particulier avec la s\u00e9curit\u00e9 d&rsquo;\u00eatre supervis\u00e9 par un professionnel&#8230;<\/strong><\/p>\n<p><strong>\u00a0<\/strong><br \/>Nous sommes pr\u00e9sents dans l&rsquo;h\u00e9rault au 55 avenue de l&rsquo;industrie \u00e0 Teyran, les v\u00e9hicules que nous proposons \u00e0 la vente sont obligatoirement visibles sur notre parc.<\/p>\n<h4><strong>L\u2019exp\u00e9rience avec nous<\/strong><\/h4>\n<p>Nous mettons un point d\u2019honneur \u00e0 ce que votre exp\u00e9rience avec nous soit la plus agr\u00e9able possible, c\u2019est pourquoi nous respectons les r\u00e8gles d&rsquo;entretien et de remise en \u00e9tat, ainsi, chaque v\u00e9hicule vendu par notre interm\u00e9diaire b\u00e9n\u00e9ficie obligatoirement d&rsquo;une facture :<\/p>\n<ol>\n<li>D&rsquo;une vidange, filtre \u00e0 huile de moins de 2 ans<\/li>\n<li>Du remplacement de la courroie de distribution de moins de 6 ans<\/li>\n<li>Du contr\u00f4le d&rsquo;\u00e9tanch\u00e9it\u00e9 de moins d&rsquo;1 an<\/li>\n<li>De la r\u00e9vision des appareils gaz de moins d&rsquo;1 an (frigo,chauffage, chauffe-eau et circuit gaz)<\/li>\n<li>Du contr\u00f4le technique de &#8211; de 6 mois.<\/li>\n<\/ol>\n<p>Vous pourrez m\u00eame pr\u00e9tendre, lors de votre achat, en fonction de l&rsquo;ann\u00e9e et du kilom\u00e9trage, \u00e0 une garantie moteur et cellule entre 6 et 12 mois dans toute la France. (avec possibilit\u00e9 d&rsquo;\u00e9tendre la dur\u00e9e avec un suppl\u00e9ment)<\/p>\n<p>Nous pouvons aussi vous proposer, gr\u00e2ce \u00e0 notre partenaire FINANCO, des financements jusqu&rsquo;\u00e0 144 mois et surtout une garantie pendant toute cette dur\u00e9e. (en fonction de l&rsquo;ann\u00e9e du v\u00e9hicule)<\/p>\n<p>Depuis Mai 2023, notre Filiale Service Camping-Car propose la location de Van, Fourgon et Camping-car par l&rsquo;interm\u00e9diaire d&rsquo;Avis Explore. En cons\u00e9quence, nous pouvons aussi vous proposer un choix important de v\u00e9hicules entre 8 et 24 mois maxi, rigoureusement entretenus et avec de faibles kilom\u00e8trages \u00e0 la vente.<\/p>\n<p>&nbsp;<\/p>\n<p>Vous pouvez partir tranquille !!!<\/p>\n<p>&nbsp;<\/p>\n<p>[\/et_pb_text][\/et_pb_column][\/et_pb_row][et_pb_row column_structure=\u00a0\u00bb1_3,1_3,1_3&Prime; _builder_version=\u00a0\u00bb4.23.1&Prime; _module_preset=\u00a0\u00bbdefault\u00a0\u00bb global_colors_info=\u00a0\u00bb{}\u00a0\u00bb][et_pb_column type=\u00a0\u00bb1_3&Prime; _builder_version=\u00a0\u00bb4.23.1&Prime; _module_preset=\u00a0\u00bbdefault\u00a0\u00bb global_colors_info=\u00a0\u00bb{}\u00a0\u00bb][et_pb_image src=\u00a0\u00bbhttps:\/\/www.leboncampingcar.com\/wp-content\/uploads\/2023\/11\/339311120_613498630640089_1371913734982345676_n.jpg\u00a0\u00bb title_text=\u00a0\u00bb339311120_613498630640089_1371913734982345676_n\u00a0\u00bb _builder_version=\u00a0\u00bb4.23.1&Prime; _module_preset=\u00a0\u00bbdefault\u00a0\u00bb width=\u00a0\u00bb50%\u00a0\u00bb max_width=\u00a0\u00bb50%\u00a0\u00bb global_colors_info=\u00a0\u00bb{}\u00a0\u00bb][\/et_pb_image][\/et_pb_column][et_pb_column type=\u00a0\u00bb1_3&Prime; _builder_version=\u00a0\u00bb4.23.1&Prime; _module_preset=\u00a0\u00bbdefault\u00a0\u00bb global_colors_info=\u00a0\u00bb{}\u00a0\u00bb][et_pb_image src=\u00a0\u00bbhttps:\/\/www.leboncampingcar.com\/wp-content\/uploads\/2023\/01\/Financo-logo.png\u00a0\u00bb title_text=\u00a0\u00bbFinanco-logo\u00a0\u00bb _builder_version=\u00a0\u00bb4.23.1&Prime; _module_preset=\u00a0\u00bbdefault\u00a0\u00bb width=\u00a0\u00bb70%\u00a0\u00bb max_width=\u00a0\u00bb70%\u00a0\u00bb global_colors_info=\u00a0\u00bb{}\u00a0\u00bb][\/et_pb_image][\/et_pb_column][et_pb_column type=\u00a0\u00bb1_3&Prime; _builder_version=\u00a0\u00bb4.23.1&Prime; _module_preset=\u00a0\u00bbdefault\u00a0\u00bb global_colors_info=\u00a0\u00bb{}\u00a0\u00bb][et_pb_image src=\u00a0\u00bbhttps:\/\/www.leboncampingcar.com\/wp-content\/uploads\/2024\/09\/logo-Dyna.png\u00a0\u00bb title_text=\u00a0\u00bblogo Dyna\u00a0\u00bb _builder_version=\u00a0\u00bb4.27.0&Prime; _module_preset=\u00a0\u00bbdefault\u00a0\u00bb min_height=\u00a0\u00bb76px\u00a0\u00bb custom_margin=\u00a0\u00bb24px|||||\u00a0\u00bb global_colors_info=\u00a0\u00bb{}\u00a0\u00bb][\/et_pb_image][\/et_pb_column][\/et_pb_row][\/et_pb_section]<\/p>\n","protected":false},"excerpt":{"rendered":"<p>\u00c0 PROPOS\u00a0 &nbsp;Situ\u00e9e \u00e0 Teyran(34), LE BON CAMPING CAR est une agence sp\u00e9cialis\u00e9e dans la vente de camping cars et fourgons d&rsquo;occasions de particulier \u00e0 particulier. Ainsi, vous avez les avantages du particulier avec la s\u00e9curit\u00e9 d&rsquo;\u00eatre supervis\u00e9 par un professionnel&#8230; \u00a0Nous sommes pr\u00e9sents dans l&rsquo;h\u00e9rault au 55 avenue de l&rsquo;industrie \u00e0 Teyran, les v\u00e9hicules [&hellip;]<\/p>\n","protected":false},"author":1,"featured_media":0,"parent":0,"menu_order":0,"comment_status":"closed","ping_status":"closed","template":"","meta":{"_et_pb_use_builder":"on","_et_pb_old_content":"","_et_gb_content_width":"","footnotes":""},"class_list":["post-529","page","type-page","status-publish","hentry"],"_links":{"self":[{"href":"https:\/\/www.leboncampingcar.com\/index.php\/wp-json\/wp\/v2\/pages\/529","targetHints":{"allow":["GET"]}}],"collection":[{"href":"https:\/\/www.leboncampingcar.com\/index.php\/wp-json\/wp\/v2\/pages"}],"about":[{"href":"https:\/\/www.leboncampingcar.com\/index.php\/wp-json\/wp\/v2\/types\/page"}],"author":[{"embeddable":true,"href":"https:\/\/www.leboncampingcar.com\/index.php\/wp-json\/wp\/v2\/users\/1"}],"replies":[{"embeddable":true,"href":"https:\/\/www.leboncampingcar.com\/index.php\/wp-json\/wp\/v2\/comments?post=529"}],"version-history":[{"count":18,"href":"https:\/\/www.leboncampingcar.com\/index.php\/wp-json\/wp\/v2\/pages\/529\/revisions"}],"predecessor-version":[{"id":1209,"href":"https:\/\/www.leboncampingcar.com\/index.php\/wp-json\/wp\/v2\/pages\/529\/revisions\/1209"}],"wp:attachment":[{"href":"https:\/\/www.leboncampingcar.com\/index.php\/wp-json\/wp\/v2\/media?parent=529"}],"curies":[{"name":"wp","href":"https:\/\/api.w.org\/{rel}","templated":true}]}}